{"id":3,"date":"2023-02-04T09:52:49","date_gmt":"2023-02-04T09:52:49","guid":{"rendered":"https:\/\/swanboutiquehotel.com\/?page_id=3"},"modified":"2023-06-11T10:26:48","modified_gmt":"2023-06-11T10:26:48","slug":"privacy-policy","status":"publish","type":"page","link":"https:\/\/swanboutiquehotel.com\/index.php\/privacy-policy\/","title":{"rendered":"Gizlilik Politikas\u0131"},"content":{"rendered":"\n<p><strong>WEB S\u0130TES\u0130N\u0130N KULLANIMI<\/strong><\/p>\n\n\n\n<p>Bu Web Sitesinin sizin taraf\u0131n\u0131zdan kullan\u0131m\u0131, a\u015fa\u011f\u0131daki h\u00fck\u00fcmlere r\u0131za g\u00f6stermeniz ko\u015fuluyla verilir ve bu h\u00fck\u00fcmleri kabul etmiyorsan\u0131z, bu Web Sitesini kullanma hakk\u0131n\u0131z yoktur:<\/p>\n\n\n\n<p>Bu Web Sitesi ki\u015fisel ve ticari olmayan kullan\u0131m\u0131n\u0131z i\u00e7in tasarlanm\u0131\u015ft\u0131r; ve bu Web Sitesi arac\u0131l\u0131\u011f\u0131yla edindi\u011finiz bilgileri, yaz\u0131l\u0131mlar\u0131, \u00fcr\u00fcnleri veya hizmetleri de\u011fi\u015ftiremez, kopyalayamaz, pazarlayamaz, aktaramaz, sergileyemez, g\u00f6steremez, \u00e7o\u011faltamaz, yay\u0131nlayamaz, lisanslayamaz, t\u00fcretilmi\u015f \u00e7al\u0131\u015fmalar olu\u015fturamaz veya atayamaz veya satamazs\u0131n\u0131z; ve<br>Bu Web Sitesini ve hizmetleri y\u00fcr\u00fcrl\u00fckteki herhangi bir yasay\u0131 veya bu h\u00fck\u00fcm ve ko\u015fullar\u0131 ihlal edecek \u015fekilde kullanamazs\u0131n\u0131z.<\/p>\n\n\n\n<p><strong>Kim oldu\u011fumuz<\/strong><\/p>\n\n\n\n<p>Web sitemizin adresi: <a href=\"https:\/\/swanboutiquehotel.com\/\">https:\/\/swanboutiquehotel.com<\/a>.<\/p>\n\n\n\n<p><strong>Yorumlar<\/strong><\/p>\n\n\n\n<p>Ziyaret\u00e7iler sitede yorum yapt\u0131klar\u0131nda, yorum formunda g\u00f6sterilen verileri, ziyaret\u00e7inin IP adresini ve taray\u0131c\u0131 kullan\u0131c\u0131 ajan dizesini toplar\u0131z. Bu, istenmeyen e-postalar\u0131n tespitinde yard\u0131mc\u0131 olur.<\/p>\n\n\n\n<p>E-posta adresinizden olu\u015fturulan anonimle\u015ftirilmi\u015f bir dizi (hash olarak da adland\u0131r\u0131l\u0131r) Gravatar hizmetine sa\u011flanabilir ve bunu kullan\u0131p kullanmad\u0131\u011f\u0131n\u0131z\u0131 kontrol etmek i\u00e7in kullan\u0131labilir. Gravatar hizmetinin gizlilik politikas\u0131 burada bulunabilir: <a href=\"https:\/\/automattic.com\/privacy\/\">https:\/\/automattic.com\/privacy\/<\/a>. Yorumunuz onayland\u0131ktan sonra, profil resminiz yorumunuzun ba\u011flam\u0131nda herkese g\u00f6r\u00fcn\u00fcr hale gelir.<\/p>\n\n\n\n<p><strong>Medya<\/strong><\/p>\n\n\n\n<p>Web sitesine resimler y\u00fcklerseniz, yerle\u015fik konum verilerini (EXIF GPS) i\u00e7eren resimleri y\u00fcklemekten ka\u00e7\u0131nmal\u0131s\u0131n\u0131z. Web sitesindeki ziyaret\u00e7iler, web sitesindeki resimlerden herhangi bir konum verisini indirebilir ve \u00e7\u0131karabilir.<\/p>\n\n\n\n<p><strong>\u00c7erezler<\/strong><\/p>\n\n\n\n<p>Sitemizde bir yorum b\u0131rak\u0131rsan\u0131z, ad\u0131n\u0131z\u0131, e-posta adresinizi ve web sitenizi \u00e7erezlere kaydetme se\u00e7ene\u011fine kat\u0131labilirsiniz. Bunlar, bir sonraki yorumunuzu b\u0131rakt\u0131\u011f\u0131n\u0131zda bilgilerinizi tekrar doldurman\u0131z\u0131 engellemek i\u00e7in kullan\u0131l\u0131r. Bu \u00e7erezler bir y\u0131l boyunca saklan\u0131r.<\/p>\n\n\n\n<p>Giri\u015f sayfam\u0131z\u0131 ziyaret ederseniz, taray\u0131c\u0131n\u0131z\u0131n \u00e7erezleri kabul edip etmedi\u011fini belirlemek i\u00e7in ge\u00e7ici bir \u00e7erez ayarlar\u0131z. Bu \u00e7erez ki\u015fisel veriler i\u00e7ermez ve taray\u0131c\u0131n\u0131z\u0131 kapatt\u0131\u011f\u0131n\u0131zda silinir.<\/p>\n\n\n\n<p>Giri\u015f yapt\u0131\u011f\u0131n\u0131zda, giri\u015f bilgilerinizi ve ekran g\u00f6r\u00fcnt\u00fc se\u00e7imlerinizi kaydetmek i\u00e7in birka\u00e7 \u00e7erez daha ayarlayaca\u011f\u0131z. Giri\u015f \u00e7erezleri iki g\u00fcn boyunca, ekran se\u00e7enekleri \u00e7erezleri bir y\u0131l boyunca kal\u0131r. &#8220;Beni Hat\u0131rla&#8221; se\u00e7ene\u011fini se\u00e7erseniz, giri\u015finiz iki hafta boyunca devam eder. Hesab\u0131n\u0131zdan \u00e7\u0131k\u0131\u015f yaparsan\u0131z, giri\u015f \u00e7erezleri kald\u0131r\u0131l\u0131r.<\/p>\n\n\n\n<p>Bir makaleyi d\u00fczenlerseniz veya yay\u0131nlarsan\u0131z, taray\u0131c\u0131n\u0131za ek bir \u00e7erez kaydedilir. Bu \u00e7erez, sadece d\u00fczenledi\u011finiz makalenin g\u00f6nderi kimli\u011fini belirtir ve 1 g\u00fcn sonra s\u00fcresi dolan ki\u015fisel veri i\u00e7ermez.<\/p>\n","protected":false},"excerpt":{"rendered":"<p>WEB S\u0130TES\u0130N\u0130N KULLANIMI Bu Web Sitesinin sizin taraf\u0131n\u0131zdan kullan\u0131m\u0131, a\u015fa\u011f\u0131daki h\u00fck\u00fcmlere r\u0131za g\u00f6stermeniz ko\u015fuluyla verilir ve bu h\u00fck\u00fcmleri kabul etmiyorsan\u0131z, bu Web Sitesini kullanma hakk\u0131n\u0131z yoktur: Bu Web Sitesi ki\u015fisel ve ticari olmayan kullan\u0131m\u0131n\u0131z i\u00e7in tasarlanm\u0131\u015ft\u0131r; ve bu Web Sitesi arac\u0131l\u0131\u011f\u0131yla edindi\u011finiz bilgileri, yaz\u0131l\u0131mlar\u0131, \u00fcr\u00fcnleri veya hizmetleri de\u011fi\u015ftiremez, kopyalayamaz, pazarlayamaz, aktaramaz, sergileyemez, g\u00f6steremez, \u00e7o\u011faltamaz, yay\u0131nlayamaz, [&hellip;]<\/p>\n","protected":false},"author":1,"featured_media":0,"parent":0,"menu_order":0,"comment_status":"closed","ping_status":"closed","template":"","meta":{"inline_featured_image":false,"footnotes":""},"class_list":["post-3","page","type-page","status-publish","hentry"],"_links":{"self":[{"href":"https:\/\/swanboutiquehotel.com\/index.php\/wp-json\/wp\/v2\/pages\/3","targetHints":{"allow":["GET"]}}],"collection":[{"href":"https:\/\/swanboutiquehotel.com\/index.php\/wp-json\/wp\/v2\/pages"}],"about":[{"href":"https:\/\/swanboutiquehotel.com\/index.php\/wp-json\/wp\/v2\/types\/page"}],"author":[{"embeddable":true,"href":"https:\/\/swanboutiquehotel.com\/index.php\/wp-json\/wp\/v2\/users\/1"}],"replies":[{"embeddable":true,"href":"https:\/\/swanboutiquehotel.com\/index.php\/wp-json\/wp\/v2\/comments?post=3"}],"version-history":[{"count":3,"href":"https:\/\/swanboutiquehotel.com\/index.php\/wp-json\/wp\/v2\/pages\/3\/revisions"}],"predecessor-version":[{"id":1153,"href":"https:\/\/swanboutiquehotel.com\/index.php\/wp-json\/wp\/v2\/pages\/3\/revisions\/1153"}],"wp:attachment":[{"href":"https:\/\/swanboutiquehotel.com\/index.php\/wp-json\/wp\/v2\/media?parent=3"}],"curies":[{"name":"wp","href":"https:\/\/api.w.org\/{rel}","templated":true}]}}