{"id":210,"date":"2020-11-04T00:17:25","date_gmt":"2020-11-04T00:17:25","guid":{"rendered":"https:\/\/themes.getmotopress.com\/albatross\/?page_id=210"},"modified":"2023-06-11T20:19:08","modified_gmt":"2023-06-11T20:19:08","slug":"about","status":"publish","type":"page","link":"https:\/\/swanboutiquehotel.com\/index.php\/about\/","title":{"rendered":"Hakk\u0131m\u0131zda"},"content":{"rendered":"\t\t<div data-elementor-type=\"wp-page\" data-elementor-id=\"210\" class=\"elementor elementor-210\">\n\t\t\t\t\t\t<section class=\"elementor-section elementor-top-section elementor-element elementor-element-b738728 elementor-section-boxed elementor-section-height-default elementor-section-height-default\" data-id=\"b738728\" data-element_type=\"section\">\n\t\t\t\t\t\t<div class=\"elementor-container elementor-column-gap-default\">\n\t\t\t\t\t<div class=\"elementor-column elementor-col-50 elementor-top-column elementor-element elementor-element-3a1dacf\" data-id=\"3a1dacf\" data-element_type=\"column\">\n\t\t\t<div class=\"elementor-widget-wrap elementor-element-populated\">\n\t\t\t\t\t\t<div class=\"elementor-element elementor-element-289d431 elementor-widget elementor-widget-image\" data-id=\"289d431\" data-element_type=\"widget\" data-widget_type=\"image.default\">\n\t\t\t\t<div class=\"elementor-widget-container\">\n\t\t\t\t\t\t\t\t\t\t\t\t\t\t\t<img fetchpriority=\"high\" decoding=\"async\" width=\"2560\" height=\"1707\" src=\"https:\/\/swanboutiquehotel.com\/wp-content\/uploads\/2023\/06\/DSC_7311-scaled.jpg\" class=\"attachment-full size-full wp-image-1071\" alt=\"\" srcset=\"https:\/\/swanboutiquehotel.com\/wp-content\/uploads\/2023\/06\/DSC_7311-scaled.jpg 2560w, https:\/\/swanboutiquehotel.com\/wp-content\/uploads\/2023\/06\/DSC_7311-300x200.jpg 300w, https:\/\/swanboutiquehotel.com\/wp-content\/uploads\/2023\/06\/DSC_7311-1024x683.jpg 1024w, https:\/\/swanboutiquehotel.com\/wp-content\/uploads\/2023\/06\/DSC_7311-768x512.jpg 768w, https:\/\/swanboutiquehotel.com\/wp-content\/uploads\/2023\/06\/DSC_7311-1536x1024.jpg 1536w, https:\/\/swanboutiquehotel.com\/wp-content\/uploads\/2023\/06\/DSC_7311-2048x1365.jpg 2048w, https:\/\/swanboutiquehotel.com\/wp-content\/uploads\/2023\/06\/DSC_7311-1620x1080.jpg 1620w, https:\/\/swanboutiquehotel.com\/wp-content\/uploads\/2023\/06\/DSC_7311-450x300.jpg 450w\" sizes=\"(max-width: 2560px) 100vw, 2560px\" \/>\t\t\t\t\t\t\t\t\t\t\t\t\t\t\t<\/div>\n\t\t\t\t<\/div>\n\t\t\t\t\t<\/div>\n\t\t<\/div>\n\t\t\t\t<div class=\"elementor-column elementor-col-50 elementor-top-column elementor-element elementor-element-5f6f1d3\" data-id=\"5f6f1d3\" data-element_type=\"column\">\n\t\t\t<div class=\"elementor-widget-wrap elementor-element-populated\">\n\t\t\t\t\t\t<div class=\"elementor-element elementor-element-fbf341b elementor-drop-cap-yes elementor-drop-cap-view-default elementor-widget elementor-widget-text-editor\" data-id=\"fbf341b\" data-element_type=\"widget\" data-settings=\"{&quot;drop_cap&quot;:&quot;yes&quot;}\" data-widget_type=\"text-editor.default\">\n\t\t\t\t<div class=\"elementor-widget-container\">\n\t\t\t\t\t\t\t\t\t<p>Swan Otel g\u00fcnl\u00fck ya\u015fam\u0131n\u0131n atmosferinde yeni ve harika bir g\u00fcn\u00fcn yakla\u015fan sabah\u0131na kendinizi kapt\u0131rabilece\u011finiz ve rahatlayabilece\u011finiz muhte\u015fem teras,<\/p>\t\t\t\t\t\t\t\t<\/div>\n\t\t\t\t<\/div>\n\t\t\t\t<div class=\"elementor-element elementor-element-9113c74 elementor-widget elementor-widget-text-editor\" data-id=\"9113c74\" data-element_type=\"widget\" data-widget_type=\"text-editor.default\">\n\t\t\t\t<div class=\"elementor-widget-container\">\n\t\t\t\t\t\t\t\t\t<p>Zemin katta havuz kenar\u0131nda oturup \u00e7ay i\u00e7ebildi\u011finiz veya sadece kitap okuyabilece\u011finiz konforlu bir alan\u0131m\u0131z bulunmaktad\u0131r.<\/p><p>K\u00fc\u00e7\u00fck konforlu bir oteldir. Personelimiz \u00f6zenli, y\u00fcksek kaliteli bir hizmet sunar ve konuklara her t\u00fcrl\u00fc yard\u0131m\u0131 sunmaya her zaman haz\u0131rd\u0131r. D\u0131\u015far\u0131da tela\u015fl\u0131 olan otelde sakinlik ve huzurun inan\u0131lmaz bir birle\u015fimi var.<\/p>\t\t\t\t\t\t\t\t<\/div>\n\t\t\t\t<\/div>\n\t\t\t\t\t<\/div>\n\t\t<\/div>\n\t\t\t\t\t<\/div>\n\t\t<\/section>\n\t\t\t\t<section class=\"elementor-section elementor-top-section elementor-element elementor-element-1a9ae96 elementor-section-boxed elementor-section-height-default elementor-section-height-default\" data-id=\"1a9ae96\" data-element_type=\"section\">\n\t\t\t\t\t\t<div class=\"elementor-container elementor-column-gap-default\">\n\t\t\t\t\t<div class=\"elementor-column elementor-col-25 elementor-top-column elementor-element elementor-element-115704e\" data-id=\"115704e\" data-element_type=\"column\">\n\t\t\t<div class=\"elementor-widget-wrap elementor-element-populated\">\n\t\t\t\t\t\t<div class=\"elementor-element elementor-element-ffa06d5 elementor-widget elementor-widget-image\" data-id=\"ffa06d5\" data-element_type=\"widget\" data-widget_type=\"image.default\">\n\t\t\t\t<div class=\"elementor-widget-container\">\n\t\t\t\t\t\t\t\t\t\t\t\t\t\t\t<img decoding=\"async\" width=\"920\" height=\"650\" src=\"https:\/\/swanboutiquehotel.com\/wp-content\/uploads\/2023\/06\/kugu-920x650.jpg\" class=\"attachment-albatross-large size-albatross-large wp-image-1090\" alt=\"\" \/>\t\t\t\t\t\t\t\t\t\t\t\t\t\t\t<\/div>\n\t\t\t\t<\/div>\n\t\t\t\t\t<\/div>\n\t\t<\/div>\n\t\t\t\t<div class=\"elementor-column elementor-col-25 elementor-top-column elementor-element elementor-element-d50bedd\" data-id=\"d50bedd\" data-element_type=\"column\">\n\t\t\t<div class=\"elementor-widget-wrap elementor-element-populated\">\n\t\t\t\t\t\t<div class=\"elementor-element elementor-element-b0365a8 elementor-widget elementor-widget-image\" data-id=\"b0365a8\" data-element_type=\"widget\" data-widget_type=\"image.default\">\n\t\t\t\t<div class=\"elementor-widget-container\">\n\t\t\t\t\t\t\t\t\t\t\t\t\t\t\t<img decoding=\"async\" width=\"920\" height=\"650\" src=\"https:\/\/swanboutiquehotel.com\/wp-content\/uploads\/2020\/11\/te2-4-920x650.jpg\" class=\"attachment-albatross-large size-albatross-large wp-image-1062\" alt=\"\" \/>\t\t\t\t\t\t\t\t\t\t\t\t\t\t\t<\/div>\n\t\t\t\t<\/div>\n\t\t\t\t\t<\/div>\n\t\t<\/div>\n\t\t\t\t<div class=\"elementor-column elementor-col-25 elementor-top-column elementor-element elementor-element-bc56bed\" data-id=\"bc56bed\" data-element_type=\"column\">\n\t\t\t<div class=\"elementor-widget-wrap elementor-element-populated\">\n\t\t\t\t\t\t<div class=\"elementor-element elementor-element-f9f9d26 elementor-widget elementor-widget-image\" data-id=\"f9f9d26\" data-element_type=\"widget\" data-widget_type=\"image.default\">\n\t\t\t\t<div class=\"elementor-widget-container\">\n\t\t\t\t\t\t\t\t\t\t\t\t\t\t\t<img loading=\"lazy\" decoding=\"async\" width=\"920\" height=\"650\" src=\"https:\/\/swanboutiquehotel.com\/wp-content\/uploads\/2023\/06\/b1-1-920x650.jpg\" class=\"attachment-albatross-large size-albatross-large wp-image-1032\" alt=\"\" \/>\t\t\t\t\t\t\t\t\t\t\t\t\t\t\t<\/div>\n\t\t\t\t<\/div>\n\t\t\t\t\t<\/div>\n\t\t<\/div>\n\t\t\t\t<div class=\"elementor-column elementor-col-25 elementor-top-column elementor-element elementor-element-af53314\" data-id=\"af53314\" data-element_type=\"column\">\n\t\t\t<div class=\"elementor-widget-wrap elementor-element-populated\">\n\t\t\t\t\t\t<div class=\"elementor-element elementor-element-6019d95 elementor-widget elementor-widget-image\" data-id=\"6019d95\" data-element_type=\"widget\" data-widget_type=\"image.default\">\n\t\t\t\t<div class=\"elementor-widget-container\">\n\t\t\t\t\t\t\t\t\t\t\t\t\t\t\t<img loading=\"lazy\" decoding=\"async\" width=\"920\" height=\"650\" src=\"https:\/\/swanboutiquehotel.com\/wp-content\/uploads\/2023\/06\/DSC_7311-920x650.jpg\" class=\"attachment-albatross-large size-albatross-large wp-image-1071\" alt=\"\" \/>\t\t\t\t\t\t\t\t\t\t\t\t\t\t\t<\/div>\n\t\t\t\t<\/div>\n\t\t\t\t\t<\/div>\n\t\t<\/div>\n\t\t\t\t\t<\/div>\n\t\t<\/section>\n\t\t\t\t<section class=\"elementor-section elementor-top-section elementor-element elementor-element-8177b9b elementor-section-boxed elementor-section-height-default elementor-section-height-default\" data-id=\"8177b9b\" data-element_type=\"section\">\n\t\t\t\t\t\t<div class=\"elementor-container elementor-column-gap-default\">\n\t\t\t\t\t<div class=\"elementor-column elementor-col-50 elementor-top-column elementor-element elementor-element-2003bce\" data-id=\"2003bce\" data-element_type=\"column\">\n\t\t\t<div class=\"elementor-widget-wrap elementor-element-populated\">\n\t\t\t\t\t\t<div class=\"elementor-element elementor-element-e42d8ed elementor-widget elementor-widget-heading\" data-id=\"e42d8ed\" data-element_type=\"widget\" data-widget_type=\"heading.default\">\n\t\t\t\t<div class=\"elementor-widget-container\">\n\t\t\t\t\t<h6 class=\"elementor-heading-title elementor-size-default\">SWAN BOUTIQUE HOTEL TARIHI<\/h6>\t\t\t\t<\/div>\n\t\t\t\t<\/div>\n\t\t\t\t\t<\/div>\n\t\t<\/div>\n\t\t\t\t<div class=\"elementor-column elementor-col-50 elementor-top-column elementor-element elementor-element-483e43d\" data-id=\"483e43d\" data-element_type=\"column\">\n\t\t\t<div class=\"elementor-widget-wrap elementor-element-populated\">\n\t\t\t\t\t\t<div class=\"elementor-element elementor-element-c3dc33c elementor-widget elementor-widget-text-editor\" data-id=\"c3dc33c\" data-element_type=\"widget\" data-widget_type=\"text-editor.default\">\n\t\t\t\t<div class=\"elementor-widget-container\">\n\t\t\t\t\t\t\t\t\t<p>Bodrum&#8217;un merkezinde, mahalle ve kom\u015fuluk k\u00fclt\u00fcr\u00fcn\u00fc hala ya\u015fatan ve en eski mahallelerinden biri olan Eski\u00e7e\u015fme Mahallesinde, Bodrum Marina&#8217;ya 200 metre mesafede konumlanm\u0131\u015f 2023 y\u0131l\u0131nda hizmete girmi\u015f bir butik otel.<\/p><p>Ge\u00e7mi\u015fi 80&#8217;li y\u0131llar\u0131n sonlar\u0131na dayanan i\u015fletme, bugunk\u00fc sakinleri taraf\u0131ndan in\u015fa edilmi\u015f ve apart otel konseptiyle hizmete girmi\u015ftir. Swan Boutique Hotel; i\u015fletmesine birka\u00e7 y\u0131l ara verdikten sonra, 2023 y\u0131l\u0131nda yenilenerek butik otel konseptiyle, ailenin ikinci ku\u015fak \u00fcyeleri taraf\u0131ndan i\u015fletilmeye ba\u015flanm\u0131\u015ft\u0131r. <br \/>Swan Boutique Hoteldeki konaklaman\u0131z s\u00fcresince sizleri a\u011f\u0131rlamaktan mutluluk duyaca\u011f\u0131z.<\/p>\t\t\t\t\t\t\t\t<\/div>\n\t\t\t\t<\/div>\n\t\t\t\t\t<\/div>\n\t\t<\/div>\n\t\t\t\t\t<\/div>\n\t\t<\/section>\n\t\t\t\t<\/div>\n\t\t","protected":false},"excerpt":{"rendered":"<p>Hotel, cazibe, huzur, sessizlik ve \u00e7evreyi ke\u015ffetmek i\u00e7in elveri\u015fli bir konum arayan ziyaret\u00e7iler i\u00e7in do\u011fru se\u00e7imdir.<\/p>\n","protected":false},"author":1,"featured_media":1072,"parent":0,"menu_order":0,"comment_status":"closed","ping_status":"closed","template":"template-page-full-width.php","meta":{"inline_featured_image":false,"footnotes":""},"class_list":["post-210","page","type-page","status-publish","has-post-thumbnail","hentry"],"_links":{"self":[{"href":"https:\/\/swanboutiquehotel.com\/index.php\/wp-json\/wp\/v2\/pages\/210","targetHints":{"allow":["GET"]}}],"collection":[{"href":"https:\/\/swanboutiquehotel.com\/index.php\/wp-json\/wp\/v2\/pages"}],"about":[{"href":"https:\/\/swanboutiquehotel.com\/index.php\/wp-json\/wp\/v2\/types\/page"}],"author":[{"embeddable":true,"href":"https:\/\/swanboutiquehotel.com\/index.php\/wp-json\/wp\/v2\/users\/1"}],"replies":[{"embeddable":true,"href":"https:\/\/swanboutiquehotel.com\/index.php\/wp-json\/wp\/v2\/comments?post=210"}],"version-history":[{"count":40,"href":"https:\/\/swanboutiquehotel.com\/index.php\/wp-json\/wp\/v2\/pages\/210\/revisions"}],"predecessor-version":[{"id":1168,"href":"https:\/\/swanboutiquehotel.com\/index.php\/wp-json\/wp\/v2\/pages\/210\/revisions\/1168"}],"wp:featuredmedia":[{"embeddable":true,"href":"https:\/\/swanboutiquehotel.com\/index.php\/wp-json\/wp\/v2\/media\/1072"}],"wp:attachment":[{"href":"https:\/\/swanboutiquehotel.com\/index.php\/wp-json\/wp\/v2\/media?parent=210"}],"curies":[{"name":"wp","href":"https:\/\/api.w.org\/{rel}","templated":true}]}}